{"id":215,"date":"2024-07-15T10:25:29","date_gmt":"2024-07-15T08:25:29","guid":{"rendered":"https:\/\/irial.myskydoowebsite.com\/?page_id=215"},"modified":"2025-11-10T14:00:47","modified_gmt":"2025-11-10T13:00:47","slug":"verwarming","status":"publish","type":"page","link":"https:\/\/irial-chauffage.be\/nl\/chauffage\/","title":{"rendered":"Verwarming"},"content":{"rendered":"\t\t<div data-elementor-type=\"wp-page\" data-elementor-id=\"215\" class=\"elementor elementor-215\" data-elementor-post-type=\"page\">\n\t\t\t\t<div class=\"elementor-element elementor-element-3347bca e-flex e-con-boxed e-con e-parent\" data-id=\"3347bca\" data-element_type=\"container\" data-e-type=\"container\" id=\"scroll\">\n\t\t\t\t\t<div class=\"e-con-inner\">\n\t\t<div class=\"elementor-element elementor-element-2af1f03 e-con-full e-flex e-con e-child\" data-id=\"2af1f03\" data-element_type=\"container\" data-e-type=\"container\" data-settings=\"{&quot;background_background&quot;:&quot;classic&quot;}\">\n\t\t<div class=\"elementor-element elementor-element-5c03dfc e-con-full e-flex elementor-invisible e-con e-child\" data-id=\"5c03dfc\" data-element_type=\"container\" data-e-type=\"container\" data-settings=\"{&quot;background_background&quot;:&quot;classic&quot;,&quot;motion_fx_motion_fx_scrolling&quot;:&quot;yes&quot;,&quot;motion_fx_translateY_effect&quot;:&quot;yes&quot;,&quot;animation&quot;:&quot;fadeInUp&quot;,&quot;motion_fx_translateY_speed&quot;:{&quot;unit&quot;:&quot;px&quot;,&quot;size&quot;:4,&quot;sizes&quot;:[]},&quot;motion_fx_translateY_affectedRange&quot;:{&quot;unit&quot;:&quot;%&quot;,&quot;size&quot;:&quot;&quot;,&quot;sizes&quot;:{&quot;start&quot;:0,&quot;end&quot;:100}},&quot;motion_fx_devices&quot;:[&quot;desktop&quot;,&quot;tablet&quot;,&quot;mobile&quot;]}\">\n\t\t<div class=\"elementor-element elementor-element-3156c98 e-con-full e-flex e-con e-child\" data-id=\"3156c98\" data-element_type=\"container\" data-e-type=\"container\">\n\t\t\t\t<div class=\"elementor-element elementor-element-ab3a1bb elementor-invisible elementor-widget elementor-widget-heading\" data-id=\"ab3a1bb\" data-element_type=\"widget\" data-e-type=\"widget\" data-settings=\"{&quot;_animation&quot;:&quot;fadeIn&quot;,&quot;_animation_delay&quot;:1000}\" data-widget_type=\"heading.default\">\n\t\t\t\t<div class=\"elementor-widget-container\">\n\t\t\t\t\t<h1 class=\"elementor-heading-title elementor-size-default\"><b>INSTALLATION <\/b>ET ENTRETIEN DE <b>CHAUFFAGE<\/b><\/h1>\t\t\t\t<\/div>\n\t\t\t\t<\/div>\n\t\t\t\t<div class=\"elementor-element elementor-element-99883c0 elementor-invisible elementor-widget elementor-widget-text-editor\" data-id=\"99883c0\" data-element_type=\"widget\" data-e-type=\"widget\" data-settings=\"{&quot;_animation&quot;:&quot;fadeInUp&quot;,&quot;_animation_delay&quot;:1200}\" data-widget_type=\"text-editor.default\">\n\t\t\t\t<div class=\"elementor-widget-container\">\n\t\t\t\t\t\t\t\t\t<p>Confiez<strong> l\u2019installation de votre syst\u00e8me de chauffage aux experts d\u2019IRIAL &#8211; Laurent Delmotte !<\/strong><\/p><p>Situ\u00e9e \u00e0 Anderlecht, Bruxelles, IRIAL &#8211; Laurent Delmotte est une entreprise familiale sp\u00e9cialis\u00e9e en <b>chauffage <\/b>et <b>plomberie<\/b>. Forte de son exp\u00e9rience, notre \u00e9quipe qualifi\u00e9e vous accompagne dans <b>l\u2019installation<\/b>, la <b>r\u00e9paration<\/b>, l\u2019entretien et le <b>d\u00e9pannage <\/b>de vos <b>syst\u00e8mes sanitaires<\/b>, <b>chaudi\u00e8res<\/b>, <b>WC<\/b>, et canalisations. Nous r\u00e9alisons \u00e9galement le <b>ramonage de vos chemin\u00e9es<\/b>.<\/p><p>Pour un d\u00e9pannage urgent en cas de <b>fuite d\u2019eau <\/b>ou de <b>panne de chauffage<\/b>, faites confiance \u00e0 <b>IRIAL <\/b>&#8211; Laurent Delmotte, votre expert en <b>chauffage <\/b>et <b>plomberie <\/b>\u00e0 <b>Bruxelles <\/b>et ses environs.<\/p><p>Partenaires de marques renomm\u00e9es comme Vaillant, Buderus, et Bulex, nous vous garantissons des produits de haute qualit\u00e9 et une installation conforme aux normes les plus strictes.<\/p>\t\t\t\t\t\t\t\t<\/div>\n\t\t\t\t<\/div>\n\t\t\t\t<div class=\"elementor-element elementor-element-6a68838 elementor-widget elementor-widget-button\" data-id=\"6a68838\" data-element_type=\"widget\" data-e-type=\"widget\" data-widget_type=\"button.default\">\n\t\t\t\t<div class=\"elementor-widget-container\">\n\t\t\t\t\t\t\t\t\t<div class=\"elementor-button-wrapper\">\n\t\t\t\t\t<a class=\"elementor-button elementor-button-link elementor-size-sm\" href=\"https:\/\/irial-chauffage.be\/nl\/contact\/\">\n\t\t\t\t\t\t<span class=\"elementor-button-content-wrapper\">\n\t\t\t\t\t\t\t\t\t<span class=\"elementor-button-text\">Contactez-nous<\/span>\n\t\t\t\t\t<\/span>\n\t\t\t\t\t<\/a>\n\t\t\t\t<\/div>\n\t\t\t\t\t\t\t\t<\/div>\n\t\t\t\t<\/div>\n\t\t\t\t<\/div>\n\t\t\t\t<\/div>\n\t\t\t\t<\/div>\n\t\t\t\t<div class=\"elementor-element elementor-element-8be043e elementor-widget elementor-widget-heading\" data-id=\"8be043e\" data-element_type=\"widget\" data-e-type=\"widget\" data-widget_type=\"heading.default\">\n\t\t\t\t<div class=\"elementor-widget-container\">\n\t\t\t\t\t<h2 class=\"elementor-heading-title elementor-size-default\">Services Disponibles et Flexibles<\/h2>\t\t\t\t<\/div>\n\t\t\t\t<\/div>\n\t\t<div class=\"elementor-element elementor-element-fe36287 e-flex e-con-boxed e-con e-child\" data-id=\"fe36287\" data-element_type=\"container\" data-e-type=\"container\">\n\t\t\t\t\t<div class=\"e-con-inner\">\n\t\t\t\t<div class=\"elementor-element elementor-element-eef5d92 elementor-widget elementor-widget-text-editor\" data-id=\"eef5d92\" data-element_type=\"widget\" data-e-type=\"widget\" data-widget_type=\"text-editor.default\">\n\t\t\t\t<div class=\"elementor-widget-container\">\n\t\t\t\t\t\t\t\t\t<p>Chez <b>IRIAL <\/b>&#8211; Laurent Delmotte, nous offrons une large gamme de services pour r\u00e9pondre \u00e0 vos besoins en <b>chauffage <\/b>et <b>plomberie <\/b>\u00e0 <b>Bruxelles <\/b>et ses environs. Nos prestations incluent :<\/p><p><strong>Installation de chaudi\u00e8res<\/strong> au <b>gaz <\/b>ou au <b>mazout<\/b><\/p><p><strong>Entretien et r\u00e9paration de chaudi\u00e8res<\/strong> pour garantir leur bon fonctionnement<\/p><p><strong>Installation et r\u00e9paration de radiateurs<\/strong> pour un confort optimal<\/p><p><strong>R\u00e9paration de plomberie<\/strong> pour r\u00e9soudre vos urgences<\/p><p><strong>Installation de syst\u00e8mes de domotique<\/strong> et raccordement au chauffage<\/p><div>\u00a0<\/div><p>Et bien plus encore, toujours avec un service flexible et adapt\u00e9 \u00e0 vos exigences.<\/p>\t\t\t\t\t\t\t\t<\/div>\n\t\t\t\t<\/div>\n\t\t\t\t<div class=\"elementor-element elementor-element-343d4c8 elementor-align-center elementor-widget elementor-widget-button\" data-id=\"343d4c8\" data-element_type=\"widget\" data-e-type=\"widget\" data-widget_type=\"button.default\">\n\t\t\t\t<div class=\"elementor-widget-container\">\n\t\t\t\t\t\t\t\t\t<div class=\"elementor-button-wrapper\">\n\t\t\t\t\t<a class=\"elementor-button elementor-button-link elementor-size-sm\" href=\"https:\/\/irial-chauffage.be\/nl\/contact\/\">\n\t\t\t\t\t\t<span class=\"elementor-button-content-wrapper\">\n\t\t\t\t\t\t\t\t\t<span class=\"elementor-button-text\">Contactez-nous<\/span>\n\t\t\t\t\t<\/span>\n\t\t\t\t\t<\/a>\n\t\t\t\t<\/div>\n\t\t\t\t\t\t\t\t<\/div>\n\t\t\t\t<\/div>\n\t\t\t\t\t<\/div>\n\t\t\t\t<\/div>\n\t\t\t\t\t<\/div>\n\t\t\t\t<\/div>\n\t\t<div class=\"elementor-element elementor-element-da8e9f9 e-flex e-con-boxed e-con e-parent\" data-id=\"da8e9f9\" data-element_type=\"container\" data-e-type=\"container\">\n\t\t\t\t\t<div class=\"e-con-inner\">\n\t\t<div class=\"elementor-element elementor-element-609d82d e-con-full e-flex e-con e-child\" data-id=\"609d82d\" data-element_type=\"container\" data-e-type=\"container\">\n\t\t\t\t<div class=\"elementor-element elementor-element-35fee31 elementor-widget elementor-widget-image-carousel\" data-id=\"35fee31\" data-element_type=\"widget\" data-e-type=\"widget\" data-settings=\"{&quot;slides_to_show&quot;:&quot;5&quot;,&quot;navigation&quot;:&quot;none&quot;,&quot;autoplay_speed&quot;:500,&quot;speed&quot;:5000,&quot;image_spacing_custom&quot;:{&quot;unit&quot;:&quot;px&quot;,&quot;size&quot;:15,&quot;sizes&quot;:[]},&quot;image_spacing_custom_tablet&quot;:{&quot;unit&quot;:&quot;em&quot;,&quot;size&quot;:&quot;&quot;,&quot;sizes&quot;:[]},&quot;image_spacing_custom_mobile&quot;:{&quot;unit&quot;:&quot;em&quot;,&quot;size&quot;:&quot;&quot;,&quot;sizes&quot;:[]},&quot;autoplay&quot;:&quot;yes&quot;,&quot;pause_on_interaction&quot;:&quot;yes&quot;,&quot;infinite&quot;:&quot;yes&quot;}\" data-widget_type=\"image-carousel.default\">\n\t\t\t\t<div class=\"elementor-widget-container\">\n\t\t\t\t\t\t\t<div class=\"elementor-image-carousel-wrapper swiper\" role=\"region\" aria-roledescription=\"carousel\" aria-label=\"Carrousel d\u2019images\" dir=\"ltr\">\n\t\t\t<div class=\"elementor-image-carousel swiper-wrapper\" aria-live=\"off\">\n\t\t\t\t\t\t\t\t<div class=\"swiper-slide\" role=\"group\" aria-roledescription=\"slide\" aria-label=\"1 of 5\"><figure class=\"swiper-slide-inner\"><img decoding=\"async\" class=\"swiper-slide-image\" src=\"https:\/\/irial-chauffage.be\/wp-content\/uploads\/Untitled-design-2024-07-26T104006.904-600x600.png\" alt=\"Untitled design - 2024-07-26T104006.904\" title=\"\"><\/figure><\/div><div class=\"swiper-slide\" role=\"group\" aria-roledescription=\"slide\" aria-label=\"2 of 5\"><figure class=\"swiper-slide-inner\"><img decoding=\"async\" class=\"swiper-slide-image\" src=\"https:\/\/irial-chauffage.be\/wp-content\/uploads\/Untitled-design-2024-07-26T104134.924-600x600.png\" alt=\"Untitled design - 2024-07-26T104134.924\" title=\"\"><\/figure><\/div><div class=\"swiper-slide\" role=\"group\" aria-roledescription=\"slide\" aria-label=\"3 of 5\"><figure class=\"swiper-slide-inner\"><img decoding=\"async\" class=\"swiper-slide-image\" src=\"https:\/\/irial-chauffage.be\/wp-content\/uploads\/Untitled-design-2024-07-26T104207.433-600x600.png\" alt=\"Untitled design - 2024-07-26T104207.433\" title=\"\"><\/figure><\/div><div class=\"swiper-slide\" role=\"group\" aria-roledescription=\"slide\" aria-label=\"4 of 5\"><figure class=\"swiper-slide-inner\"><img decoding=\"async\" class=\"swiper-slide-image\" src=\"https:\/\/irial-chauffage.be\/wp-content\/uploads\/Untitled-design-2024-07-23T112720.160-600x600.png\" alt=\"Untitled design - 2024-07-23T112720.160\" title=\"\"><\/figure><\/div><div class=\"swiper-slide\" role=\"group\" aria-roledescription=\"slide\" aria-label=\"5 of 5\"><figure class=\"swiper-slide-inner\"><img decoding=\"async\" class=\"swiper-slide-image\" src=\"https:\/\/irial-chauffage.be\/wp-content\/uploads\/Untitled-design-2024-07-26T104332.716-600x600.png\" alt=\"Untitled design - 2024-07-26T104332.716\" title=\"\"><\/figure><\/div>\t\t\t<\/div>\n\t\t\t\t\t\t\t\n\t\t\t\t\t\t\t\t\t<\/div>\n\t\t\t\t\t\t<\/div>\n\t\t\t\t<\/div>\n\t\t\t\t<\/div>\n\t\t\t\t\t<\/div>\n\t\t\t\t<\/div>\n\t\t<div class=\"elementor-element elementor-element-cc7ebb4 e-flex e-con-boxed e-con e-parent\" data-id=\"cc7ebb4\" data-element_type=\"container\" data-e-type=\"container\" data-settings=\"{&quot;background_background&quot;:&quot;classic&quot;}\">\n\t\t\t\t\t<div class=\"e-con-inner\">\n\t\t<div class=\"elementor-element elementor-element-bf884ef e-con-full e-flex e-con e-child\" data-id=\"bf884ef\" data-element_type=\"container\" data-e-type=\"container\" data-settings=\"{&quot;background_background&quot;:&quot;classic&quot;,&quot;animation&quot;:&quot;none&quot;}\">\n\t\t<div class=\"elementor-element elementor-element-a2f82da e-con-full e-flex e-con e-child\" data-id=\"a2f82da\" data-element_type=\"container\" data-e-type=\"container\">\n\t\t\t\t<div class=\"elementor-element elementor-element-d9e37b8 elementor-invisible elementor-widget elementor-widget-heading\" data-id=\"d9e37b8\" data-element_type=\"widget\" data-e-type=\"widget\" data-settings=\"{&quot;_animation&quot;:&quot;fadeIn&quot;,&quot;_animation_delay&quot;:1000}\" data-widget_type=\"heading.default\">\n\t\t\t\t<div class=\"elementor-widget-container\">\n\t\t\t\t\t<h2 class=\"elementor-heading-title elementor-size-default\">Contactez-nous<\/h2>\t\t\t\t<\/div>\n\t\t\t\t<\/div>\n\t\t\t\t<div class=\"elementor-element elementor-element-d7b3d75 elementor-widget elementor-widget-text-editor\" data-id=\"d7b3d75\" data-element_type=\"widget\" data-e-type=\"widget\" data-widget_type=\"text-editor.default\">\n\t\t\t\t<div class=\"elementor-widget-container\">\n\t\t\t\t\t\t\t\t\t<p>Besoin d&rsquo;<strong>assistance rapide<\/strong> ? Contactez-nous d\u00e8s maintenant pour obtenir des informations suppl\u00e9mentaires ou pour un <strong>d\u00e9pannage urgent<\/strong> \u00e0 <strong>Bruxelles<\/strong> et ses environs. Notre \u00e9quipe vous r\u00e9pond rapidement pour vous apporter la solution dont vous avez besoin.<\/p>\t\t\t\t\t\t\t\t<\/div>\n\t\t\t\t<\/div>\n\t\t<div class=\"elementor-element elementor-element-644a48d e-con-full e-flex e-con e-child\" data-id=\"644a48d\" data-element_type=\"container\" data-e-type=\"container\">\n\t\t\t\t<div class=\"elementor-element elementor-element-f07d0a8 elementor-widget elementor-widget-button\" data-id=\"f07d0a8\" data-element_type=\"widget\" data-e-type=\"widget\" data-widget_type=\"button.default\">\n\t\t\t\t<div class=\"elementor-widget-container\">\n\t\t\t\t\t\t\t\t\t<div class=\"elementor-button-wrapper\">\n\t\t\t\t\t<a class=\"elementor-button elementor-button-link elementor-size-sm\" href=\"tel:0473%2066%2080%2071\">\n\t\t\t\t\t\t<span class=\"elementor-button-content-wrapper\">\n\t\t\t\t\t\t<span class=\"elementor-button-icon\">\n\t\t\t\t<i aria-hidden=\"true\" class=\"fas fa-phone-alt\"><\/i>\t\t\t<\/span>\n\t\t\t\t\t\t\t\t\t<span class=\"elementor-button-text\">0473 66 80 71<\/span>\n\t\t\t\t\t<\/span>\n\t\t\t\t\t<\/a>\n\t\t\t\t<\/div>\n\t\t\t\t\t\t\t\t<\/div>\n\t\t\t\t<\/div>\n\t\t\t\t<div class=\"elementor-element elementor-element-69c35bf elementor-widget elementor-widget-button\" data-id=\"69c35bf\" data-element_type=\"widget\" data-e-type=\"widget\" data-widget_type=\"button.default\">\n\t\t\t\t<div class=\"elementor-widget-container\">\n\t\t\t\t\t\t\t\t\t<div class=\"elementor-button-wrapper\">\n\t\t\t\t\t<a class=\"elementor-button elementor-button-link elementor-size-sm\" href=\"tel:02%20376%2036%2066\">\n\t\t\t\t\t\t<span class=\"elementor-button-content-wrapper\">\n\t\t\t\t\t\t<span class=\"elementor-button-icon\">\n\t\t\t\t<i aria-hidden=\"true\" class=\"fas fa-phone-alt\"><\/i>\t\t\t<\/span>\n\t\t\t\t\t\t\t\t\t<span class=\"elementor-button-text\">02 376 36 66<\/span>\n\t\t\t\t\t<\/span>\n\t\t\t\t\t<\/a>\n\t\t\t\t<\/div>\n\t\t\t\t\t\t\t\t<\/div>\n\t\t\t\t<\/div>\n\t\t\t\t<\/div>\n\t\t\t\t<\/div>\n\t\t<div class=\"elementor-element elementor-element-c727763 e-con-full e-flex e-con e-child\" data-id=\"c727763\" data-element_type=\"container\" data-e-type=\"container\" data-settings=\"{&quot;background_background&quot;:&quot;classic&quot;}\">\n\t\t\t\t<div class=\"elementor-element elementor-element-324aec3 elementor-button-align-stretch elementor-widget elementor-widget-form\" data-id=\"324aec3\" data-element_type=\"widget\" data-e-type=\"widget\" data-settings=\"{&quot;step_next_label&quot;:&quot;Next&quot;,&quot;step_previous_label&quot;:&quot;Previous&quot;,&quot;button_width&quot;:&quot;100&quot;,&quot;step_type&quot;:&quot;number_text&quot;,&quot;step_icon_shape&quot;:&quot;circle&quot;}\" data-widget_type=\"form.default\">\n\t\t\t\t<div class=\"elementor-widget-container\">\n\t\t\t\t\t\t\t<form class=\"elementor-form\" method=\"post\" name=\"New Form\" aria-label=\"New Form\">\n\t\t\t<input type=\"hidden\" name=\"post_id\" value=\"215\"\/>\n\t\t\t<input type=\"hidden\" name=\"form_id\" value=\"324aec3\"\/>\n\t\t\t<input type=\"hidden\" name=\"referer_title\" value=\"Chauffagiste Bruxelles - Installation Et Entretien De Chauffage - IRIAL\" \/>\n\n\t\t\t\t\t\t\t<input type=\"hidden\" name=\"queried_id\" value=\"215\"\/>\n\t\t\t\n\t\t\t<div class=\"elementor-form-fields-wrapper elementor-labels-above\">\n\t\t\t\t\t\t\t\t<div class=\"elementor-field-type-text elementor-field-group elementor-column elementor-field-group-name elementor-col-100 elementor-field-required elementor-mark-required\">\n\t\t\t\t\t\t\t\t\t\t\t\t\t<input size=\"1\" type=\"text\" name=\"form_fields[name]\" id=\"form-field-name\" class=\"elementor-field elementor-size-sm  elementor-field-textual\" placeholder=\"Nom\" required=\"required\">\n\t\t\t\t\t\t\t\t\t\t\t<\/div>\n\t\t\t\t\t\t\t\t<div class=\"elementor-field-type-email elementor-field-group elementor-column elementor-field-group-email elementor-col-50 elementor-field-required elementor-mark-required\">\n\t\t\t\t\t\t\t\t\t\t\t\t\t<input size=\"1\" type=\"email\" name=\"form_fields[email]\" id=\"form-field-email\" class=\"elementor-field elementor-size-sm  elementor-field-textual\" placeholder=\"Email\" required=\"required\">\n\t\t\t\t\t\t\t\t\t\t\t<\/div>\n\t\t\t\t\t\t\t\t<div class=\"elementor-field-type-tel elementor-field-group elementor-column elementor-field-group-field_7404597 elementor-col-50 elementor-field-required elementor-mark-required\">\n\t\t\t\t\t\t\t<input size=\"1\" type=\"tel\" name=\"form_fields[field_7404597]\" id=\"form-field-field_7404597\" class=\"elementor-field elementor-size-sm  elementor-field-textual\" placeholder=\"T\u00e9lephone\" required=\"required\" pattern=\"[0-9()#&amp;+*-=.]+\" title=\"Alleen cijfers en telefoontekens (#, -, *, enz.) worden geaccepteerd.\">\n\n\t\t\t\t\t\t<\/div>\n\t\t\t\t\t\t\t\t<div class=\"elementor-field-type-text elementor-field-group elementor-column elementor-field-group-field_dc2f5bc elementor-col-66 elementor-field-required elementor-mark-required\">\n\t\t\t\t\t\t\t\t\t\t\t\t\t<input size=\"1\" type=\"text\" name=\"form_fields[field_dc2f5bc]\" id=\"form-field-field_dc2f5bc\" class=\"elementor-field elementor-size-sm  elementor-field-textual\" placeholder=\"Adresse\" required=\"required\">\n\t\t\t\t\t\t\t\t\t\t\t<\/div>\n\t\t\t\t\t\t\t\t<div class=\"elementor-field-type-text elementor-field-group elementor-column elementor-field-group-field_19bd1f6 elementor-col-33 elementor-field-required elementor-mark-required\">\n\t\t\t\t\t\t\t\t\t\t\t\t\t<input size=\"1\" type=\"text\" name=\"form_fields[field_19bd1f6]\" id=\"form-field-field_19bd1f6\" class=\"elementor-field elementor-size-sm  elementor-field-textual\" placeholder=\"Code Postal\" required=\"required\">\n\t\t\t\t\t\t\t\t\t\t\t<\/div>\n\t\t\t\t\t\t\t\t<div class=\"elementor-field-type-checkbox elementor-field-group elementor-column elementor-field-group-field_1de22d9 elementor-col-100\">\n\t\t\t\t\t\t\t\t\t\t\t\t<label for=\"form-field-field_1de22d9\" class=\"elementor-field-label\">\n\t\t\t\t\t\t\t\tS\u00e9lectionnez le service requis\t\t\t\t\t\t\t<\/label>\n\t\t\t\t\t\t<div class=\"elementor-field-subgroup  \"><span class=\"elementor-field-option\"><input type=\"checkbox\" value=\"Ramonage\" id=\"form-field-field_1de22d9-0\" name=\"form_fields[field_1de22d9][]\"> <label for=\"form-field-field_1de22d9-0\">Ramonage<\/label><\/span><span class=\"elementor-field-option\"><input type=\"checkbox\" value=\"Chauffage\" id=\"form-field-field_1de22d9-1\" name=\"form_fields[field_1de22d9][]\"> <label for=\"form-field-field_1de22d9-1\">Chauffage<\/label><\/span><span class=\"elementor-field-option\"><input type=\"checkbox\" value=\"Plomberie\" id=\"form-field-field_1de22d9-2\" name=\"form_fields[field_1de22d9][]\"> <label for=\"form-field-field_1de22d9-2\">Plomberie<\/label><\/span><span class=\"elementor-field-option\"><input type=\"checkbox\" value=\"Entretien chaudi\u00e8re gaz\" id=\"form-field-field_1de22d9-3\" name=\"form_fields[field_1de22d9][]\"> <label for=\"form-field-field_1de22d9-3\">Entretien chaudi\u00e8re gaz<\/label><\/span><span class=\"elementor-field-option\"><input type=\"checkbox\" value=\"Entretien chaudi\u00e8re mazout\" id=\"form-field-field_1de22d9-4\" name=\"form_fields[field_1de22d9][]\"> <label for=\"form-field-field_1de22d9-4\">Entretien chaudi\u00e8re mazout<\/label><\/span><span class=\"elementor-field-option\"><input type=\"checkbox\" value=\"Entretien chauffe-eau\/convecteur\" id=\"form-field-field_1de22d9-5\" name=\"form_fields[field_1de22d9][]\"> <label for=\"form-field-field_1de22d9-5\">Entretien chauffe-eau\/convecteur<\/label><\/span><\/div>\t\t\t\t<\/div>\n\t\t\t\t\t\t\t\t<div class=\"elementor-field-type-textarea elementor-field-group elementor-column elementor-field-group-message elementor-col-100\">\n\t\t\t\t\t<textarea class=\"elementor-field-textual elementor-field  elementor-size-sm\" name=\"form_fields[message]\" id=\"form-field-message\" rows=\"4\" placeholder=\"Message\"><\/textarea>\t\t\t\t<\/div>\n\t\t\t\t\t\t\t\t<div class=\"elementor-field-type-recaptcha_v3 elementor-field-group elementor-column elementor-field-group-field_2fdca8c elementor-col-100 recaptcha_v3-bottomright\">\n\t\t\t\t\t<div class=\"elementor-field\" id=\"form-field-field_2fdca8c\"><div class=\"elementor-g-recaptcha\" data-sitekey=\"6LcznkUqAAAAAD_vWW8m9GG2jo63wq-zIWXriNjY\" data-type=\"v3\" data-action=\"Form\" data-badge=\"bottomright\" data-size=\"invisible\"><\/div><\/div>\t\t\t\t<\/div>\n\t\t\t\t\t\t\t\t<div class=\"elementor-field-group elementor-column elementor-field-type-submit elementor-col-100 e-form__buttons\">\n\t\t\t\t\t<button class=\"elementor-button elementor-size-sm\" type=\"submit\">\n\t\t\t\t\t\t<span class=\"elementor-button-content-wrapper\">\n\t\t\t\t\t\t\t\t\t\t\t\t\t\t\t\t\t\t\t\t\t\t<span class=\"elementor-button-text\">Envoyer<\/span>\n\t\t\t\t\t\t\t\t\t\t\t\t\t<\/span>\n\t\t\t\t\t<\/button>\n\t\t\t\t<\/div>\n\t\t\t<\/div>\n\t\t<\/form>\n\t\t\t\t\t\t<\/div>\n\t\t\t\t<\/div>\n\t\t\t\t<\/div>\n\t\t\t\t<\/div>\n\t\t\t\t\t<\/div>\n\t\t\t\t<\/div>\n\t\t\t\t<\/div>\n\t\t","protected":false},"excerpt":{"rendered":"<p>INSTALLATION ET ENTRETIEN DE CHAUFFAGE Confiez l\u2019installation de votre syst\u00e8me de chauffage aux experts d\u2019IRIAL &#8211; Laurent Delmotte ! Situ\u00e9e \u00e0 Anderlecht, Bruxelles, IRIAL &#8211; Laurent Delmotte est une entreprise familiale sp\u00e9cialis\u00e9e en chauffage et plomberie. Forte de son exp\u00e9rience, notre \u00e9quipe qualifi\u00e9e vous accompagne dans l\u2019installation, la r\u00e9paration, l\u2019entretien et le d\u00e9pannage de vos [&hellip;]<\/p>\n","protected":false},"author":1,"featured_media":0,"parent":0,"menu_order":0,"comment_status":"closed","ping_status":"closed","template":"","meta":{"footnotes":""},"class_list":["post-215","page","type-page","status-publish","hentry"],"_links":{"self":[{"href":"https:\/\/irial-chauffage.be\/nl\/wp-json\/wp\/v2\/pages\/215","targetHints":{"allow":["GET"]}}],"collection":[{"href":"https:\/\/irial-chauffage.be\/nl\/wp-json\/wp\/v2\/pages"}],"about":[{"href":"https:\/\/irial-chauffage.be\/nl\/wp-json\/wp\/v2\/types\/page"}],"author":[{"embeddable":true,"href":"https:\/\/irial-chauffage.be\/nl\/wp-json\/wp\/v2\/users\/1"}],"replies":[{"embeddable":true,"href":"https:\/\/irial-chauffage.be\/nl\/wp-json\/wp\/v2\/comments?post=215"}],"version-history":[{"count":194,"href":"https:\/\/irial-chauffage.be\/nl\/wp-json\/wp\/v2\/pages\/215\/revisions"}],"predecessor-version":[{"id":3409,"href":"https:\/\/irial-chauffage.be\/nl\/wp-json\/wp\/v2\/pages\/215\/revisions\/3409"}],"wp:attachment":[{"href":"https:\/\/irial-chauffage.be\/nl\/wp-json\/wp\/v2\/media?parent=215"}],"curies":[{"name":"wp","href":"https:\/\/api.w.org\/{rel}","templated":true}]}}