{"id":217,"date":"2024-07-15T10:25:57","date_gmt":"2024-07-15T08:25:57","guid":{"rendered":"https:\/\/irial.myskydoowebsite.com\/?page_id=217"},"modified":"2025-11-10T14:02:28","modified_gmt":"2025-11-10T13:02:28","slug":"sanitair","status":"publish","type":"page","link":"https:\/\/irial-chauffage.be\/nl\/plomberie\/","title":{"rendered":"Sanitair"},"content":{"rendered":"\t\t<div data-elementor-type=\"wp-page\" data-elementor-id=\"217\" class=\"elementor elementor-217\" data-elementor-post-type=\"page\">\n\t\t\t\t<div class=\"elementor-element elementor-element-4de80ca e-flex e-con-boxed e-con e-parent\" data-id=\"4de80ca\" data-element_type=\"container\" data-e-type=\"container\" id=\"scroll\">\n\t\t\t\t\t<div class=\"e-con-inner\">\n\t\t<div class=\"elementor-element elementor-element-75f4f8a e-con-full e-flex e-con e-child\" data-id=\"75f4f8a\" data-element_type=\"container\" data-e-type=\"container\" data-settings=\"{&quot;background_background&quot;:&quot;classic&quot;}\">\n\t\t<div class=\"elementor-element elementor-element-1f42484 e-con-full e-flex elementor-invisible e-con e-child\" data-id=\"1f42484\" data-element_type=\"container\" data-e-type=\"container\" data-settings=\"{&quot;background_background&quot;:&quot;classic&quot;,&quot;motion_fx_motion_fx_scrolling&quot;:&quot;yes&quot;,&quot;motion_fx_translateY_effect&quot;:&quot;yes&quot;,&quot;animation&quot;:&quot;fadeInUp&quot;,&quot;motion_fx_translateY_speed&quot;:{&quot;unit&quot;:&quot;px&quot;,&quot;size&quot;:4,&quot;sizes&quot;:[]},&quot;motion_fx_translateY_affectedRange&quot;:{&quot;unit&quot;:&quot;%&quot;,&quot;size&quot;:&quot;&quot;,&quot;sizes&quot;:{&quot;start&quot;:0,&quot;end&quot;:100}},&quot;motion_fx_devices&quot;:[&quot;desktop&quot;,&quot;tablet&quot;,&quot;mobile&quot;]}\">\n\t\t<div class=\"elementor-element elementor-element-8bc17ac e-con-full e-flex e-con e-child\" data-id=\"8bc17ac\" data-element_type=\"container\" data-e-type=\"container\">\n\t\t\t\t<div class=\"elementor-element elementor-element-f56da53 elementor-invisible elementor-widget elementor-widget-heading\" data-id=\"f56da53\" data-element_type=\"widget\" data-e-type=\"widget\" data-settings=\"{&quot;_animation&quot;:&quot;fadeIn&quot;,&quot;_animation_delay&quot;:1000}\" data-widget_type=\"heading.default\">\n\t\t\t\t<div class=\"elementor-widget-container\">\n\t\t\t\t\t<h1 class=\"elementor-heading-title elementor-size-default\">Installation de sanitaires<\/h1>\t\t\t\t<\/div>\n\t\t\t\t<\/div>\n\t\t\t\t<div class=\"elementor-element elementor-element-8768eff elementor-invisible elementor-widget elementor-widget-text-editor\" data-id=\"8768eff\" data-element_type=\"widget\" data-e-type=\"widget\" data-settings=\"{&quot;_animation&quot;:&quot;fadeInUp&quot;,&quot;_animation_delay&quot;:1200}\" data-widget_type=\"text-editor.default\">\n\t\t\t\t<div class=\"elementor-widget-container\">\n\t\t\t\t\t\t\t\t\t<p>Irial r\u00e9alise l\u2019installation de vos\u00a0<strong><span class=\"wixui-rich-text__text\">sanitaires\u00a0<\/span><\/strong>: <strong>salle de bain<\/strong>, <strong>cuisine<\/strong>, <strong>WC<\/strong>, <strong>robinetterie<\/strong>, ainsi que vos <strong>arriv\u00e9es d\u2019eau<\/strong>, l\u2019<strong>\u00e9vacuation d\u2019eau<\/strong>, les <strong>canalisations<\/strong>, etc. Disponibles rapidement, nous ex\u00e9cutons un travail de qualit\u00e9 jusque dans les moindres d\u00e9tails.<\/p>\t\t\t\t\t\t\t\t<\/div>\n\t\t\t\t<\/div>\n\t\t\t\t<div class=\"elementor-element elementor-element-086b720 elementor-widget elementor-widget-button\" data-id=\"086b720\" data-element_type=\"widget\" data-e-type=\"widget\" data-widget_type=\"button.default\">\n\t\t\t\t<div class=\"elementor-widget-container\">\n\t\t\t\t\t\t\t\t\t<div class=\"elementor-button-wrapper\">\n\t\t\t\t\t<a class=\"elementor-button elementor-button-link elementor-size-sm\" href=\"https:\/\/irial-chauffage.be\/nl\/contact\/\">\n\t\t\t\t\t\t<span class=\"elementor-button-content-wrapper\">\n\t\t\t\t\t\t\t\t\t<span class=\"elementor-button-text\">Contactez-nous<\/span>\n\t\t\t\t\t<\/span>\n\t\t\t\t\t<\/a>\n\t\t\t\t<\/div>\n\t\t\t\t\t\t\t\t<\/div>\n\t\t\t\t<\/div>\n\t\t\t\t<\/div>\n\t\t\t\t<\/div>\n\t\t\t\t<\/div>\n\t\t\t\t<div class=\"elementor-element elementor-element-b7f1047 elementor-widget elementor-widget-heading\" data-id=\"b7f1047\" data-element_type=\"widget\" data-e-type=\"widget\" data-widget_type=\"heading.default\">\n\t\t\t\t<div class=\"elementor-widget-container\">\n\t\t\t\t\t<h2 class=\"elementor-heading-title elementor-size-default\">Votre Nouvelle Salle de Bain avec Irial - Experts en Plomberie et Sanitaires \u00e0 Bruxelles\n\n<\/h2>\t\t\t\t<\/div>\n\t\t\t\t<\/div>\n\t\t\t\t\t<\/div>\n\t\t\t\t<\/div>\n\t\t<div class=\"elementor-element elementor-element-6162bfb e-flex e-con-boxed e-con e-child\" data-id=\"6162bfb\" data-element_type=\"container\" data-e-type=\"container\">\n\t\t\t\t\t<div class=\"e-con-inner\">\n\t\t<div class=\"elementor-element elementor-element-439b940 e-flex e-con-boxed e-con e-child\" data-id=\"439b940\" data-element_type=\"container\" data-e-type=\"container\">\n\t\t\t\t\t<div class=\"e-con-inner\">\n\t\t\t\t<div class=\"elementor-element elementor-element-40f24ce elementor-widget elementor-widget-text-editor\" data-id=\"40f24ce\" data-element_type=\"widget\" data-e-type=\"widget\" data-widget_type=\"text-editor.default\">\n\t\t\t\t<div class=\"elementor-widget-container\">\n\t\t\t\t\t\t\t\t\t<p>Vous envisagez de <b>r\u00e9nover<\/b> votre <strong>salle de bain<\/strong> ou de <strong>remplacer<\/strong> vos <strong>canalisations<\/strong> ? Bas\u00e9e \u00e0 Anderlecht, l&rsquo;entreprise Irial est votre partenaire de confiance pour tous vos travaux de <strong>plomberie<\/strong> et d&rsquo;<strong>installation de sanitaires.<\/strong><\/p><p>Gr\u00e2ce \u00e0 notre expertise et notre savoir-faire, nous assurons l&rsquo;installation et l&rsquo;entretien de vos <strong>sanitaires<\/strong>, que ce soit pour la <strong>salle de bain<\/strong>, la <strong>cuisine<\/strong>, les <strong>WC<\/strong>, ou tout autre espace. Nous intervenons rapidement dans toute la <strong>r\u00e9gion<\/strong> de <strong>Bruxelles<\/strong>, ainsi qu&rsquo;\u00e0 Leeuw Saint-Pierre, Vilvorde, Dilbeek, et les environs.<\/p><p><strong>Irial<\/strong> offre des services de <strong>d\u00e9pannage urgent<\/strong> pour particuliers et professionnels, avec une intervention rapide et efficace partout \u00e0 <strong>Bruxelles<\/strong>.<\/p>\t\t\t\t\t\t\t\t<\/div>\n\t\t\t\t<\/div>\n\t\t\t\t<div class=\"elementor-element elementor-element-3ae8154 elementor-align-center elementor-widget elementor-widget-button\" data-id=\"3ae8154\" data-element_type=\"widget\" data-e-type=\"widget\" data-widget_type=\"button.default\">\n\t\t\t\t<div class=\"elementor-widget-container\">\n\t\t\t\t\t\t\t\t\t<div class=\"elementor-button-wrapper\">\n\t\t\t\t\t<a class=\"elementor-button elementor-button-link elementor-size-sm\" href=\"#scroll2\">\n\t\t\t\t\t\t<span class=\"elementor-button-content-wrapper\">\n\t\t\t\t\t\t\t\t\t<span class=\"elementor-button-text\">Contactez-nous<\/span>\n\t\t\t\t\t<\/span>\n\t\t\t\t\t<\/a>\n\t\t\t\t<\/div>\n\t\t\t\t\t\t\t\t<\/div>\n\t\t\t\t<\/div>\n\t\t\t\t\t<\/div>\n\t\t\t\t<\/div>\n\t\t\t\t\t<\/div>\n\t\t\t\t<\/div>\n\t\t<div class=\"elementor-element elementor-element-d83321d e-flex e-con-boxed e-con e-parent\" data-id=\"d83321d\" data-element_type=\"container\" data-e-type=\"container\">\n\t\t\t\t\t<div class=\"e-con-inner\">\n\t\t<div class=\"elementor-element elementor-element-971c7b9 e-con-full e-flex e-con e-child\" data-id=\"971c7b9\" data-element_type=\"container\" data-e-type=\"container\">\n\t\t\t\t<div class=\"elementor-element elementor-element-709ac67 elementor-widget elementor-widget-image-carousel\" data-id=\"709ac67\" data-element_type=\"widget\" data-e-type=\"widget\" data-settings=\"{&quot;slides_to_show&quot;:&quot;5&quot;,&quot;navigation&quot;:&quot;none&quot;,&quot;autoplay_speed&quot;:500,&quot;speed&quot;:5000,&quot;image_spacing_custom&quot;:{&quot;unit&quot;:&quot;px&quot;,&quot;size&quot;:15,&quot;sizes&quot;:[]},&quot;image_spacing_custom_tablet&quot;:{&quot;unit&quot;:&quot;em&quot;,&quot;size&quot;:&quot;&quot;,&quot;sizes&quot;:[]},&quot;image_spacing_custom_mobile&quot;:{&quot;unit&quot;:&quot;em&quot;,&quot;size&quot;:&quot;&quot;,&quot;sizes&quot;:[]},&quot;autoplay&quot;:&quot;yes&quot;,&quot;pause_on_interaction&quot;:&quot;yes&quot;,&quot;infinite&quot;:&quot;yes&quot;}\" data-widget_type=\"image-carousel.default\">\n\t\t\t\t<div class=\"elementor-widget-container\">\n\t\t\t\t\t\t\t<div class=\"elementor-image-carousel-wrapper swiper\" role=\"region\" aria-roledescription=\"carousel\" aria-label=\"Carrousel d\u2019images\" dir=\"ltr\">\n\t\t\t<div class=\"elementor-image-carousel swiper-wrapper\" aria-live=\"off\">\n\t\t\t\t\t\t\t\t<div class=\"swiper-slide\" role=\"group\" aria-roledescription=\"slide\" aria-label=\"1 of 10\"><figure class=\"swiper-slide-inner\"><img decoding=\"async\" class=\"swiper-slide-image\" src=\"https:\/\/irial-chauffage.be\/wp-content\/uploads\/Untitled-design-2024-07-23T112601.530-600x600.png\" alt=\"Untitled design - 2024-07-23T112601.530\" title=\"\"><\/figure><\/div><div class=\"swiper-slide\" role=\"group\" aria-roledescription=\"slide\" aria-label=\"2 of 10\"><figure class=\"swiper-slide-inner\"><img decoding=\"async\" class=\"swiper-slide-image\" src=\"https:\/\/irial-chauffage.be\/wp-content\/uploads\/image001-600x600.jpg\" alt=\"image001\" title=\"\"><\/figure><\/div><div class=\"swiper-slide\" role=\"group\" aria-roledescription=\"slide\" aria-label=\"3 of 10\"><figure class=\"swiper-slide-inner\"><img decoding=\"async\" class=\"swiper-slide-image\" src=\"https:\/\/irial-chauffage.be\/wp-content\/uploads\/Untitled-design-2024-07-23T111342.646-600x600.png\" alt=\"Untitled design - 2024-07-23T111342.646\" title=\"\"><\/figure><\/div><div class=\"swiper-slide\" role=\"group\" aria-roledescription=\"slide\" aria-label=\"4 of 10\"><figure class=\"swiper-slide-inner\"><img decoding=\"async\" class=\"swiper-slide-image\" src=\"https:\/\/irial-chauffage.be\/wp-content\/uploads\/Untitled-design-2024-07-23T111124.990-600x600.png\" alt=\"Untitled design - 2024-07-23T111124.990\" title=\"\"><\/figure><\/div><div class=\"swiper-slide\" role=\"group\" aria-roledescription=\"slide\" aria-label=\"5 of 10\"><figure class=\"swiper-slide-inner\"><img decoding=\"async\" class=\"swiper-slide-image\" src=\"https:\/\/irial-chauffage.be\/wp-content\/uploads\/Untitled-design-2024-07-23T111042.704-600x600.png\" alt=\"Untitled design - 2024-07-23T111042.704\" title=\"\"><\/figure><\/div><div class=\"swiper-slide\" role=\"group\" aria-roledescription=\"slide\" aria-label=\"6 of 10\"><figure class=\"swiper-slide-inner\"><img decoding=\"async\" class=\"swiper-slide-image\" src=\"https:\/\/irial-chauffage.be\/wp-content\/uploads\/Untitled-design-2024-07-19T140847.443-600x600.png\" alt=\"Untitled design - 2024-07-19T140847.443\" title=\"\"><\/figure><\/div><div class=\"swiper-slide\" role=\"group\" aria-roledescription=\"slide\" aria-label=\"7 of 10\"><figure class=\"swiper-slide-inner\"><img decoding=\"async\" class=\"swiper-slide-image\" src=\"https:\/\/irial-chauffage.be\/wp-content\/uploads\/Untitled-design-2024-07-26T100434.437-600x600.png\" alt=\"Untitled design - 2024-07-26T100434.437\" title=\"\"><\/figure><\/div><div class=\"swiper-slide\" role=\"group\" aria-roledescription=\"slide\" aria-label=\"8 of 10\"><figure class=\"swiper-slide-inner\"><img decoding=\"async\" class=\"swiper-slide-image\" src=\"https:\/\/irial-chauffage.be\/wp-content\/uploads\/Untitled-design-2024-07-26T100547.365-600x600.png\" alt=\"Untitled design - 2024-07-26T100547.365\" title=\"\"><\/figure><\/div><div class=\"swiper-slide\" role=\"group\" aria-roledescription=\"slide\" aria-label=\"9 of 10\"><figure class=\"swiper-slide-inner\"><img decoding=\"async\" class=\"swiper-slide-image\" src=\"https:\/\/irial-chauffage.be\/wp-content\/uploads\/Untitled-design-2024-07-26T100626.285-600x600.png\" alt=\"Untitled design - 2024-07-26T100626.285\" title=\"\"><\/figure><\/div><div class=\"swiper-slide\" role=\"group\" aria-roledescription=\"slide\" aria-label=\"10 of 10\"><figure class=\"swiper-slide-inner\"><img decoding=\"async\" class=\"swiper-slide-image\" src=\"https:\/\/irial-chauffage.be\/wp-content\/uploads\/Untitled-design-2024-07-26T100812.023-600x600.png\" alt=\"Untitled design - 2024-07-26T100812.023\" title=\"\"><\/figure><\/div>\t\t\t<\/div>\n\t\t\t\t\t\t\t\n\t\t\t\t\t\t\t\t\t<\/div>\n\t\t\t\t\t\t<\/div>\n\t\t\t\t<\/div>\n\t\t\t\t<\/div>\n\t\t\t\t\t<\/div>\n\t\t\t\t<\/div>\n\t\t<div class=\"elementor-element elementor-element-8fde56c e-flex e-con-boxed e-con e-parent\" data-id=\"8fde56c\" data-element_type=\"container\" data-e-type=\"container\" id=\"scroll2\" data-settings=\"{&quot;background_background&quot;:&quot;classic&quot;}\">\n\t\t\t\t\t<div class=\"e-con-inner\">\n\t\t<div class=\"elementor-element elementor-element-ff9025d e-con-full e-flex e-con e-child\" data-id=\"ff9025d\" data-element_type=\"container\" data-e-type=\"container\" data-settings=\"{&quot;background_background&quot;:&quot;classic&quot;,&quot;animation&quot;:&quot;none&quot;}\">\n\t\t<div class=\"elementor-element elementor-element-779a120 e-con-full e-flex e-con e-child\" data-id=\"779a120\" data-element_type=\"container\" data-e-type=\"container\">\n\t\t\t\t<div class=\"elementor-element elementor-element-243fe55 elementor-invisible elementor-widget elementor-widget-heading\" data-id=\"243fe55\" data-element_type=\"widget\" data-e-type=\"widget\" data-settings=\"{&quot;_animation&quot;:&quot;fadeIn&quot;,&quot;_animation_delay&quot;:1000}\" data-widget_type=\"heading.default\">\n\t\t\t\t<div class=\"elementor-widget-container\">\n\t\t\t\t\t<h2 class=\"elementor-heading-title elementor-size-default\">Contactez-nous<\/h2>\t\t\t\t<\/div>\n\t\t\t\t<\/div>\n\t\t\t\t<div class=\"elementor-element elementor-element-08328eb elementor-widget elementor-widget-text-editor\" data-id=\"08328eb\" data-element_type=\"widget\" data-e-type=\"widget\" data-widget_type=\"text-editor.default\">\n\t\t\t\t<div class=\"elementor-widget-container\">\n\t\t\t\t\t\t\t\t\t<p>Besoin d&rsquo;<strong>assistance rapide<\/strong> ? Contactez-nous d\u00e8s maintenant pour obtenir des informations suppl\u00e9mentaires ou pour un <strong>d\u00e9pannage urgent<\/strong> \u00e0 <strong>Bruxelles<\/strong> et ses environs. Notre \u00e9quipe vous r\u00e9pond rapidement pour vous apporter la solution dont vous avez besoin.<\/p>\t\t\t\t\t\t\t\t<\/div>\n\t\t\t\t<\/div>\n\t\t<div class=\"elementor-element elementor-element-1923906 e-con-full e-flex e-con e-child\" data-id=\"1923906\" data-element_type=\"container\" data-e-type=\"container\">\n\t\t\t\t<div class=\"elementor-element elementor-element-95298d0 elementor-widget elementor-widget-button\" data-id=\"95298d0\" data-element_type=\"widget\" data-e-type=\"widget\" data-widget_type=\"button.default\">\n\t\t\t\t<div class=\"elementor-widget-container\">\n\t\t\t\t\t\t\t\t\t<div class=\"elementor-button-wrapper\">\n\t\t\t\t\t<a class=\"elementor-button elementor-button-link elementor-size-sm\" href=\"tel:0473%2066%2080%2071\">\n\t\t\t\t\t\t<span class=\"elementor-button-content-wrapper\">\n\t\t\t\t\t\t<span class=\"elementor-button-icon\">\n\t\t\t\t<i aria-hidden=\"true\" class=\"fas fa-phone-alt\"><\/i>\t\t\t<\/span>\n\t\t\t\t\t\t\t\t\t<span class=\"elementor-button-text\">0473 66 80 71<\/span>\n\t\t\t\t\t<\/span>\n\t\t\t\t\t<\/a>\n\t\t\t\t<\/div>\n\t\t\t\t\t\t\t\t<\/div>\n\t\t\t\t<\/div>\n\t\t\t\t<div class=\"elementor-element elementor-element-d9f8cca elementor-widget elementor-widget-button\" data-id=\"d9f8cca\" data-element_type=\"widget\" data-e-type=\"widget\" data-widget_type=\"button.default\">\n\t\t\t\t<div class=\"elementor-widget-container\">\n\t\t\t\t\t\t\t\t\t<div class=\"elementor-button-wrapper\">\n\t\t\t\t\t<a class=\"elementor-button elementor-button-link elementor-size-sm\" href=\"tel:02%20376%2036%2066\">\n\t\t\t\t\t\t<span class=\"elementor-button-content-wrapper\">\n\t\t\t\t\t\t<span class=\"elementor-button-icon\">\n\t\t\t\t<i aria-hidden=\"true\" class=\"fas fa-phone-alt\"><\/i>\t\t\t<\/span>\n\t\t\t\t\t\t\t\t\t<span class=\"elementor-button-text\">02 376 36 66<\/span>\n\t\t\t\t\t<\/span>\n\t\t\t\t\t<\/a>\n\t\t\t\t<\/div>\n\t\t\t\t\t\t\t\t<\/div>\n\t\t\t\t<\/div>\n\t\t\t\t<\/div>\n\t\t\t\t<\/div>\n\t\t<div class=\"elementor-element elementor-element-1529888 e-con-full e-flex e-con e-child\" data-id=\"1529888\" data-element_type=\"container\" data-e-type=\"container\" data-settings=\"{&quot;background_background&quot;:&quot;classic&quot;}\">\n\t\t\t\t<div class=\"elementor-element elementor-element-270f2b4 elementor-button-align-stretch elementor-widget elementor-widget-form\" data-id=\"270f2b4\" data-element_type=\"widget\" data-e-type=\"widget\" data-settings=\"{&quot;step_next_label&quot;:&quot;Next&quot;,&quot;step_previous_label&quot;:&quot;Previous&quot;,&quot;button_width&quot;:&quot;100&quot;,&quot;step_type&quot;:&quot;number_text&quot;,&quot;step_icon_shape&quot;:&quot;circle&quot;}\" data-widget_type=\"form.default\">\n\t\t\t\t<div class=\"elementor-widget-container\">\n\t\t\t\t\t\t\t<form class=\"elementor-form\" method=\"post\" name=\"New Form\" aria-label=\"New Form\">\n\t\t\t<input type=\"hidden\" name=\"post_id\" value=\"217\"\/>\n\t\t\t<input type=\"hidden\" name=\"form_id\" value=\"270f2b4\"\/>\n\t\t\t<input type=\"hidden\" name=\"referer_title\" value=\"Plomberie \u00e0 Bruxelles - IRIAL Laurent Delmotte\" \/>\n\n\t\t\t\t\t\t\t<input type=\"hidden\" name=\"queried_id\" value=\"217\"\/>\n\t\t\t\n\t\t\t<div class=\"elementor-form-fields-wrapper elementor-labels-above\">\n\t\t\t\t\t\t\t\t<div class=\"elementor-field-type-text elementor-field-group elementor-column elementor-field-group-name elementor-col-100 elementor-field-required elementor-mark-required\">\n\t\t\t\t\t\t\t\t\t\t\t\t\t<input size=\"1\" type=\"text\" name=\"form_fields[name]\" id=\"form-field-name\" class=\"elementor-field elementor-size-sm  elementor-field-textual\" placeholder=\"Nom\" required=\"required\">\n\t\t\t\t\t\t\t\t\t\t\t<\/div>\n\t\t\t\t\t\t\t\t<div class=\"elementor-field-type-email elementor-field-group elementor-column elementor-field-group-email elementor-col-50 elementor-field-required elementor-mark-required\">\n\t\t\t\t\t\t\t\t\t\t\t\t\t<input size=\"1\" type=\"email\" name=\"form_fields[email]\" id=\"form-field-email\" class=\"elementor-field elementor-size-sm  elementor-field-textual\" placeholder=\"Email\" required=\"required\">\n\t\t\t\t\t\t\t\t\t\t\t<\/div>\n\t\t\t\t\t\t\t\t<div class=\"elementor-field-type-tel elementor-field-group elementor-column elementor-field-group-field_7404597 elementor-col-50 elementor-field-required elementor-mark-required\">\n\t\t\t\t\t\t\t<input size=\"1\" type=\"tel\" name=\"form_fields[field_7404597]\" id=\"form-field-field_7404597\" class=\"elementor-field elementor-size-sm  elementor-field-textual\" placeholder=\"T\u00e9lephone\" required=\"required\" pattern=\"[0-9()#&amp;+*-=.]+\" title=\"Alleen cijfers en telefoontekens (#, -, *, enz.) worden geaccepteerd.\">\n\n\t\t\t\t\t\t<\/div>\n\t\t\t\t\t\t\t\t<div class=\"elementor-field-type-text elementor-field-group elementor-column elementor-field-group-field_dc2f5bc elementor-col-66 elementor-field-required elementor-mark-required\">\n\t\t\t\t\t\t\t\t\t\t\t\t\t<input size=\"1\" type=\"text\" name=\"form_fields[field_dc2f5bc]\" id=\"form-field-field_dc2f5bc\" class=\"elementor-field elementor-size-sm  elementor-field-textual\" placeholder=\"Adresse\" required=\"required\">\n\t\t\t\t\t\t\t\t\t\t\t<\/div>\n\t\t\t\t\t\t\t\t<div class=\"elementor-field-type-text elementor-field-group elementor-column elementor-field-group-field_19bd1f6 elementor-col-33 elementor-field-required elementor-mark-required\">\n\t\t\t\t\t\t\t\t\t\t\t\t\t<input size=\"1\" type=\"text\" name=\"form_fields[field_19bd1f6]\" id=\"form-field-field_19bd1f6\" class=\"elementor-field elementor-size-sm  elementor-field-textual\" placeholder=\"Code Postal\" required=\"required\">\n\t\t\t\t\t\t\t\t\t\t\t<\/div>\n\t\t\t\t\t\t\t\t<div class=\"elementor-field-type-checkbox elementor-field-group elementor-column elementor-field-group-field_1de22d9 elementor-col-100\">\n\t\t\t\t\t\t\t\t\t\t\t\t<label for=\"form-field-field_1de22d9\" class=\"elementor-field-label\">\n\t\t\t\t\t\t\t\tS\u00e9lectionnez le service requis\t\t\t\t\t\t\t<\/label>\n\t\t\t\t\t\t<div class=\"elementor-field-subgroup  \"><span class=\"elementor-field-option\"><input type=\"checkbox\" value=\"Ramonage\" id=\"form-field-field_1de22d9-0\" name=\"form_fields[field_1de22d9][]\"> <label for=\"form-field-field_1de22d9-0\">Ramonage<\/label><\/span><span class=\"elementor-field-option\"><input type=\"checkbox\" value=\"Chauffage\" id=\"form-field-field_1de22d9-1\" name=\"form_fields[field_1de22d9][]\"> <label for=\"form-field-field_1de22d9-1\">Chauffage<\/label><\/span><span class=\"elementor-field-option\"><input type=\"checkbox\" value=\"Plomberie\" id=\"form-field-field_1de22d9-2\" name=\"form_fields[field_1de22d9][]\"> <label for=\"form-field-field_1de22d9-2\">Plomberie<\/label><\/span><span class=\"elementor-field-option\"><input type=\"checkbox\" value=\"Entretien chaudi\u00e8re gaz\" id=\"form-field-field_1de22d9-3\" name=\"form_fields[field_1de22d9][]\"> <label for=\"form-field-field_1de22d9-3\">Entretien chaudi\u00e8re gaz<\/label><\/span><span class=\"elementor-field-option\"><input type=\"checkbox\" value=\"Entretien chaudi\u00e8re mazout\" id=\"form-field-field_1de22d9-4\" name=\"form_fields[field_1de22d9][]\"> <label for=\"form-field-field_1de22d9-4\">Entretien chaudi\u00e8re mazout<\/label><\/span><span class=\"elementor-field-option\"><input type=\"checkbox\" value=\"Entretien chauffe-eau\/convecteur\" id=\"form-field-field_1de22d9-5\" name=\"form_fields[field_1de22d9][]\"> <label for=\"form-field-field_1de22d9-5\">Entretien chauffe-eau\/convecteur<\/label><\/span><\/div>\t\t\t\t<\/div>\n\t\t\t\t\t\t\t\t<div class=\"elementor-field-type-textarea elementor-field-group elementor-column elementor-field-group-message elementor-col-100\">\n\t\t\t\t\t<textarea class=\"elementor-field-textual elementor-field  elementor-size-sm\" name=\"form_fields[message]\" id=\"form-field-message\" rows=\"4\" placeholder=\"Message\"><\/textarea>\t\t\t\t<\/div>\n\t\t\t\t\t\t\t\t<div class=\"elementor-field-type-recaptcha_v3 elementor-field-group elementor-column elementor-field-group-field_2fdca8c elementor-col-100 recaptcha_v3-bottomright\">\n\t\t\t\t\t<div class=\"elementor-field\" id=\"form-field-field_2fdca8c\"><div class=\"elementor-g-recaptcha\" data-sitekey=\"6LcznkUqAAAAAD_vWW8m9GG2jo63wq-zIWXriNjY\" data-type=\"v3\" data-action=\"Form\" data-badge=\"bottomright\" data-size=\"invisible\"><\/div><\/div>\t\t\t\t<\/div>\n\t\t\t\t\t\t\t\t<div class=\"elementor-field-group elementor-column elementor-field-type-submit elementor-col-100 e-form__buttons\">\n\t\t\t\t\t<button class=\"elementor-button elementor-size-sm\" type=\"submit\">\n\t\t\t\t\t\t<span class=\"elementor-button-content-wrapper\">\n\t\t\t\t\t\t\t\t\t\t\t\t\t\t\t\t\t\t\t\t\t\t<span class=\"elementor-button-text\">Envoyer<\/span>\n\t\t\t\t\t\t\t\t\t\t\t\t\t<\/span>\n\t\t\t\t\t<\/button>\n\t\t\t\t<\/div>\n\t\t\t<\/div>\n\t\t<\/form>\n\t\t\t\t\t\t<\/div>\n\t\t\t\t<\/div>\n\t\t\t\t<\/div>\n\t\t\t\t<\/div>\n\t\t\t\t\t<\/div>\n\t\t\t\t<\/div>\n\t\t\t\t<\/div>\n\t\t","protected":false},"excerpt":{"rendered":"<p>Installation de sanitaires Irial r\u00e9alise l\u2019installation de vos\u00a0sanitaires\u00a0: salle de bain, cuisine, WC, robinetterie, ainsi que vos arriv\u00e9es d\u2019eau, l\u2019\u00e9vacuation d\u2019eau, les canalisations, etc. Disponibles rapidement, nous ex\u00e9cutons un travail de qualit\u00e9 jusque dans les moindres d\u00e9tails. Contactez-nous Votre Nouvelle Salle de Bain avec Irial &#8211; Experts en Plomberie et Sanitaires \u00e0 Bruxelles Vous envisagez [&hellip;]<\/p>\n","protected":false},"author":1,"featured_media":0,"parent":0,"menu_order":0,"comment_status":"closed","ping_status":"closed","template":"","meta":{"footnotes":""},"class_list":["post-217","page","type-page","status-publish","hentry"],"_links":{"self":[{"href":"https:\/\/irial-chauffage.be\/nl\/wp-json\/wp\/v2\/pages\/217","targetHints":{"allow":["GET"]}}],"collection":[{"href":"https:\/\/irial-chauffage.be\/nl\/wp-json\/wp\/v2\/pages"}],"about":[{"href":"https:\/\/irial-chauffage.be\/nl\/wp-json\/wp\/v2\/types\/page"}],"author":[{"embeddable":true,"href":"https:\/\/irial-chauffage.be\/nl\/wp-json\/wp\/v2\/users\/1"}],"replies":[{"embeddable":true,"href":"https:\/\/irial-chauffage.be\/nl\/wp-json\/wp\/v2\/comments?post=217"}],"version-history":[{"count":101,"href":"https:\/\/irial-chauffage.be\/nl\/wp-json\/wp\/v2\/pages\/217\/revisions"}],"predecessor-version":[{"id":3415,"href":"https:\/\/irial-chauffage.be\/nl\/wp-json\/wp\/v2\/pages\/217\/revisions\/3415"}],"wp:attachment":[{"href":"https:\/\/irial-chauffage.be\/nl\/wp-json\/wp\/v2\/media?parent=217"}],"curies":[{"name":"wp","href":"https:\/\/api.w.org\/{rel}","templated":true}]}}