{"id":232,"date":"2024-07-15T10:30:22","date_gmt":"2024-07-15T08:30:22","guid":{"rendered":"https:\/\/irial.myskydoowebsite.com\/?page_id=232"},"modified":"2025-11-10T13:57:01","modified_gmt":"2025-11-10T12:57:01","slug":"a-propos","status":"publish","type":"page","link":"https:\/\/irial-chauffage.be\/nl\/a-propos\/","title":{"rendered":"Over ons"},"content":{"rendered":"\t\t<div data-elementor-type=\"wp-page\" data-elementor-id=\"232\" class=\"elementor elementor-232\" data-elementor-post-type=\"page\">\n\t\t\t\t<div class=\"elementor-element elementor-element-afff7a5 e-flex e-con-boxed e-con e-parent\" data-id=\"afff7a5\" data-element_type=\"container\" data-e-type=\"container\">\n\t\t\t\t\t<div class=\"e-con-inner\">\n\t\t<div class=\"elementor-element elementor-element-10108e5 e-con-full e-flex e-con e-child\" data-id=\"10108e5\" data-element_type=\"container\" data-e-type=\"container\" data-settings=\"{&quot;background_background&quot;:&quot;classic&quot;}\">\n\t\t<div class=\"elementor-element elementor-element-671e21b e-con-full e-flex elementor-invisible e-con e-child\" data-id=\"671e21b\" data-element_type=\"container\" data-e-type=\"container\" data-settings=\"{&quot;background_background&quot;:&quot;classic&quot;,&quot;motion_fx_motion_fx_scrolling&quot;:&quot;yes&quot;,&quot;motion_fx_translateY_effect&quot;:&quot;yes&quot;,&quot;animation&quot;:&quot;fadeInUp&quot;,&quot;motion_fx_translateY_speed&quot;:{&quot;unit&quot;:&quot;px&quot;,&quot;size&quot;:4,&quot;sizes&quot;:[]},&quot;motion_fx_translateY_affectedRange&quot;:{&quot;unit&quot;:&quot;%&quot;,&quot;size&quot;:&quot;&quot;,&quot;sizes&quot;:{&quot;start&quot;:0,&quot;end&quot;:100}},&quot;motion_fx_devices&quot;:[&quot;desktop&quot;,&quot;tablet&quot;,&quot;mobile&quot;]}\">\n\t\t<div class=\"elementor-element elementor-element-424fd43 e-con-full e-flex e-con e-child\" data-id=\"424fd43\" data-element_type=\"container\" data-e-type=\"container\">\n\t\t\t\t<div class=\"elementor-element elementor-element-394e329 elementor-invisible elementor-widget elementor-widget-heading\" data-id=\"394e329\" data-element_type=\"widget\" data-e-type=\"widget\" data-settings=\"{&quot;_animation&quot;:&quot;fadeIn&quot;,&quot;_animation_delay&quot;:1000}\" data-widget_type=\"heading.default\">\n\t\t\t\t<div class=\"elementor-widget-container\">\n\t\t\t\t\t<h1 class=\"elementor-heading-title elementor-size-default\">Solutions Fiables pour <b>Chauffage <\/b>et <b>Sanitaires<\/b>\n\n<\/h1>\t\t\t\t<\/div>\n\t\t\t\t<\/div>\n\t\t\t\t<div class=\"elementor-element elementor-element-546a225 elementor-invisible elementor-widget elementor-widget-text-editor\" data-id=\"546a225\" data-element_type=\"widget\" data-e-type=\"widget\" data-settings=\"{&quot;_animation&quot;:&quot;fadeInUp&quot;,&quot;_animation_delay&quot;:1200}\" data-widget_type=\"text-editor.default\">\n\t\t\t\t<div class=\"elementor-widget-container\">\n\t\t\t\t\t\t\t\t\t<p>Partenaire des meilleures marques de syst\u00e8mes de <strong>chauffage<\/strong> et <strong>sanitaires<\/strong>, IRIAL est sp\u00e9cialis\u00e9 dans <strong>l&rsquo;installation<\/strong>, la <strong>r\u00e9paration<\/strong> et <strong>l&rsquo;entretien<\/strong> de vos <strong>syst\u00e8mes de chauffage<\/strong> et <strong>sanitaires<\/strong>. Nous installons des <strong>chaudi\u00e8res \u00e0 gaz<\/strong>, au <strong>mazout<\/strong>, des <strong>pompes \u00e0 chaleur<\/strong>, et vous conseillons pour choisir le meilleur syst\u00e8me de chauffage adapt\u00e9 \u00e0 vos besoins.<\/p><p>\u00a0<\/p>\t\t\t\t\t\t\t\t<\/div>\n\t\t\t\t<\/div>\n\t\t\t\t<\/div>\n\t\t\t\t<div class=\"elementor-element elementor-element-53087bc elementor-align-center elementor-widget elementor-widget-button\" data-id=\"53087bc\" data-element_type=\"widget\" data-e-type=\"widget\" data-widget_type=\"button.default\">\n\t\t\t\t<div class=\"elementor-widget-container\">\n\t\t\t\t\t\t\t\t\t<div class=\"elementor-button-wrapper\">\n\t\t\t\t\t<a class=\"elementor-button elementor-button-link elementor-size-sm\" href=\"https:\/\/irial-chauffage.be\/nl\/contact\/\">\n\t\t\t\t\t\t<span class=\"elementor-button-content-wrapper\">\n\t\t\t\t\t\t\t\t\t<span class=\"elementor-button-text\">Contactez-nous<\/span>\n\t\t\t\t\t<\/span>\n\t\t\t\t\t<\/a>\n\t\t\t\t<\/div>\n\t\t\t\t\t\t\t\t<\/div>\n\t\t\t\t<\/div>\n\t\t\t\t<\/div>\n\t\t\t\t<\/div>\n\t\t<div class=\"elementor-element elementor-element-36153e6 e-flex e-con-boxed e-con e-child\" data-id=\"36153e6\" data-element_type=\"container\" data-e-type=\"container\">\n\t\t\t\t\t<div class=\"e-con-inner\">\n\t\t\t\t<div class=\"elementor-element elementor-element-0e801aa elementor-invisible elementor-widget elementor-widget-heading\" data-id=\"0e801aa\" data-element_type=\"widget\" data-e-type=\"widget\" data-settings=\"{&quot;_animation&quot;:&quot;fadeIn&quot;,&quot;_animation_delay&quot;:1000}\" data-widget_type=\"heading.default\">\n\t\t\t\t<div class=\"elementor-widget-container\">\n\t\t\t\t\t<h2 class=\"elementor-heading-title elementor-size-default\"><b>Ramonage <\/b>Professionnel pour une Performance Optimale<\/h2>\t\t\t\t<\/div>\n\t\t\t\t<\/div>\n\t\t\t\t<div class=\"elementor-element elementor-element-407c4ef elementor-widget elementor-widget-text-editor\" data-id=\"407c4ef\" data-element_type=\"widget\" data-e-type=\"widget\" data-widget_type=\"text-editor.default\">\n\t\t\t\t<div class=\"elementor-widget-container\">\n\t\t\t\t\t\t\t\t\t<p>Assurez un tirage efficace de votre <strong>chemin\u00e9e<\/strong> tout l&rsquo;hiver en programmant un <strong>ramonage<\/strong> r\u00e9gulier avec <b>IRIAL<\/b>. Dirig\u00e9e par Laurent Delmotte, <b>IRIAL <\/b>est une entreprise familiale de confiance, d\u00e9di\u00e9e aux services de qualit\u00e9 en <strong>chauffage<\/strong>, <strong>plomberie<\/strong> et <strong>ramonage<\/strong>.<\/p><p>\u00a0<\/p>\t\t\t\t\t\t\t\t<\/div>\n\t\t\t\t<\/div>\n\t\t\t\t<div class=\"elementor-element elementor-element-55975f5 elementor-align-center elementor-widget elementor-widget-button\" data-id=\"55975f5\" data-element_type=\"widget\" data-e-type=\"widget\" data-widget_type=\"button.default\">\n\t\t\t\t<div class=\"elementor-widget-container\">\n\t\t\t\t\t\t\t\t\t<div class=\"elementor-button-wrapper\">\n\t\t\t\t\t<a class=\"elementor-button elementor-button-link elementor-size-sm\" href=\"https:\/\/irial-chauffage.be\/nl\/rayon-dactivite\/\">\n\t\t\t\t\t\t<span class=\"elementor-button-content-wrapper\">\n\t\t\t\t\t\t\t\t\t<span class=\"elementor-button-text\">Contactez-nous<\/span>\n\t\t\t\t\t<\/span>\n\t\t\t\t\t<\/a>\n\t\t\t\t<\/div>\n\t\t\t\t\t\t\t\t<\/div>\n\t\t\t\t<\/div>\n\t\t\t\t\t<\/div>\n\t\t\t\t<\/div>\n\t\t\t\t\t<\/div>\n\t\t\t\t<\/div>\n\t\t<div class=\"elementor-element elementor-element-97e5043 e-flex e-con-boxed e-con e-parent\" data-id=\"97e5043\" data-element_type=\"container\" data-e-type=\"container\">\n\t\t\t\t\t<div class=\"e-con-inner\">\n\t\t<div class=\"elementor-element elementor-element-9f6460d e-con-full e-flex e-con e-child\" data-id=\"9f6460d\" data-element_type=\"container\" data-e-type=\"container\" data-settings=\"{&quot;background_background&quot;:&quot;classic&quot;}\">\n\t\t<div class=\"elementor-element elementor-element-d627db7 e-con-full e-flex e-con e-child\" data-id=\"d627db7\" data-element_type=\"container\" data-e-type=\"container\" data-settings=\"{&quot;background_background&quot;:&quot;classic&quot;,&quot;animation&quot;:&quot;none&quot;}\">\n\t\t<div class=\"elementor-element elementor-element-ba486fe e-con-full e-flex e-con e-child\" data-id=\"ba486fe\" data-element_type=\"container\" data-e-type=\"container\">\n\t\t\t\t<div class=\"elementor-element elementor-element-e023831 elementor-invisible elementor-widget elementor-widget-heading\" data-id=\"e023831\" data-element_type=\"widget\" data-e-type=\"widget\" data-settings=\"{&quot;_animation&quot;:&quot;fadeIn&quot;,&quot;_animation_delay&quot;:1000}\" data-widget_type=\"heading.default\">\n\t\t\t\t<div class=\"elementor-widget-container\">\n\t\t\t\t\t<h2 class=\"elementor-heading-title elementor-size-default\">Contactez-nous<\/h2>\t\t\t\t<\/div>\n\t\t\t\t<\/div>\n\t\t\t\t<div class=\"elementor-element elementor-element-5b9bfc0 elementor-widget elementor-widget-text-editor\" data-id=\"5b9bfc0\" data-element_type=\"widget\" data-e-type=\"widget\" data-widget_type=\"text-editor.default\">\n\t\t\t\t<div class=\"elementor-widget-container\">\n\t\t\t\t\t\t\t\t\t<p>Besoin d&rsquo;<strong>assistance rapide<\/strong> ? Contactez-nous d\u00e8s maintenant pour obtenir des informations suppl\u00e9mentaires ou pour un <strong>d\u00e9pannage urgent<\/strong> \u00e0 <strong>Bruxelles<\/strong> et ses environs. Notre \u00e9quipe vous r\u00e9pond rapidement pour vous apporter la solution dont vous avez besoin.<\/p>\t\t\t\t\t\t\t\t<\/div>\n\t\t\t\t<\/div>\n\t\t<div class=\"elementor-element elementor-element-1039955 e-con-full e-flex e-con e-child\" data-id=\"1039955\" data-element_type=\"container\" data-e-type=\"container\">\n\t\t\t\t<div class=\"elementor-element elementor-element-5c54542 elementor-widget elementor-widget-button\" data-id=\"5c54542\" data-element_type=\"widget\" data-e-type=\"widget\" data-widget_type=\"button.default\">\n\t\t\t\t<div class=\"elementor-widget-container\">\n\t\t\t\t\t\t\t\t\t<div class=\"elementor-button-wrapper\">\n\t\t\t\t\t<a class=\"elementor-button elementor-button-link elementor-size-sm\" href=\"tel:0473%2066%2080%2071\">\n\t\t\t\t\t\t<span class=\"elementor-button-content-wrapper\">\n\t\t\t\t\t\t<span class=\"elementor-button-icon\">\n\t\t\t\t<i aria-hidden=\"true\" class=\"fas fa-phone-alt\"><\/i>\t\t\t<\/span>\n\t\t\t\t\t\t\t\t\t<span class=\"elementor-button-text\">0473 66 80 71<\/span>\n\t\t\t\t\t<\/span>\n\t\t\t\t\t<\/a>\n\t\t\t\t<\/div>\n\t\t\t\t\t\t\t\t<\/div>\n\t\t\t\t<\/div>\n\t\t\t\t<div class=\"elementor-element elementor-element-177ed4b elementor-widget elementor-widget-button\" data-id=\"177ed4b\" data-element_type=\"widget\" data-e-type=\"widget\" data-widget_type=\"button.default\">\n\t\t\t\t<div class=\"elementor-widget-container\">\n\t\t\t\t\t\t\t\t\t<div class=\"elementor-button-wrapper\">\n\t\t\t\t\t<a class=\"elementor-button elementor-button-link elementor-size-sm\" href=\"tel:02%20376%2036%2066\">\n\t\t\t\t\t\t<span class=\"elementor-button-content-wrapper\">\n\t\t\t\t\t\t<span class=\"elementor-button-icon\">\n\t\t\t\t<i aria-hidden=\"true\" class=\"fas fa-phone-alt\"><\/i>\t\t\t<\/span>\n\t\t\t\t\t\t\t\t\t<span class=\"elementor-button-text\">02 376 36 66<\/span>\n\t\t\t\t\t<\/span>\n\t\t\t\t\t<\/a>\n\t\t\t\t<\/div>\n\t\t\t\t\t\t\t\t<\/div>\n\t\t\t\t<\/div>\n\t\t\t\t<\/div>\n\t\t\t\t<\/div>\n\t\t<div class=\"elementor-element elementor-element-0c83d68 e-con-full e-flex e-con e-child\" data-id=\"0c83d68\" data-element_type=\"container\" data-e-type=\"container\">\n\t\t\t\t<div class=\"elementor-element elementor-element-3f8e044 elementor-button-align-stretch elementor-widget elementor-widget-form\" data-id=\"3f8e044\" data-element_type=\"widget\" data-e-type=\"widget\" data-settings=\"{&quot;step_next_label&quot;:&quot;Next&quot;,&quot;step_previous_label&quot;:&quot;Previous&quot;,&quot;button_width&quot;:&quot;100&quot;,&quot;step_type&quot;:&quot;number_text&quot;,&quot;step_icon_shape&quot;:&quot;circle&quot;}\" data-widget_type=\"form.default\">\n\t\t\t\t<div class=\"elementor-widget-container\">\n\t\t\t\t\t\t\t<form class=\"elementor-form\" method=\"post\" name=\"New Form\" aria-label=\"New Form\">\n\t\t\t<input type=\"hidden\" name=\"post_id\" value=\"232\"\/>\n\t\t\t<input type=\"hidden\" name=\"form_id\" value=\"3f8e044\"\/>\n\t\t\t<input type=\"hidden\" name=\"referer_title\" value=\"Chauffage Et Plomberie \u00e0 Bruxelles - IRIAL Laurent Delmotte\" \/>\n\n\t\t\t\t\t\t\t<input type=\"hidden\" name=\"queried_id\" value=\"232\"\/>\n\t\t\t\n\t\t\t<div class=\"elementor-form-fields-wrapper elementor-labels-above\">\n\t\t\t\t\t\t\t\t<div class=\"elementor-field-type-text elementor-field-group elementor-column elementor-field-group-name elementor-col-100 elementor-field-required elementor-mark-required\">\n\t\t\t\t\t\t\t\t\t\t\t\t\t<input size=\"1\" type=\"text\" name=\"form_fields[name]\" id=\"form-field-name\" class=\"elementor-field elementor-size-sm  elementor-field-textual\" placeholder=\"Nom\" required=\"required\">\n\t\t\t\t\t\t\t\t\t\t\t<\/div>\n\t\t\t\t\t\t\t\t<div class=\"elementor-field-type-email elementor-field-group elementor-column elementor-field-group-email elementor-col-50 elementor-field-required elementor-mark-required\">\n\t\t\t\t\t\t\t\t\t\t\t\t\t<input size=\"1\" type=\"email\" name=\"form_fields[email]\" id=\"form-field-email\" class=\"elementor-field elementor-size-sm  elementor-field-textual\" placeholder=\"Email\" required=\"required\">\n\t\t\t\t\t\t\t\t\t\t\t<\/div>\n\t\t\t\t\t\t\t\t<div class=\"elementor-field-type-tel elementor-field-group elementor-column elementor-field-group-field_7404597 elementor-col-50 elementor-field-required elementor-mark-required\">\n\t\t\t\t\t\t\t<input size=\"1\" type=\"tel\" name=\"form_fields[field_7404597]\" id=\"form-field-field_7404597\" class=\"elementor-field elementor-size-sm  elementor-field-textual\" placeholder=\"T\u00e9lephone\" required=\"required\" pattern=\"[0-9()#&amp;+*-=.]+\" title=\"Seuls les chiffres et les caract\u00e8res t\u00e9l\u00e9phoniques (#, -, *, etc.) sont accept\u00e9s.\">\n\n\t\t\t\t\t\t<\/div>\n\t\t\t\t\t\t\t\t<div class=\"elementor-field-type-text elementor-field-group elementor-column elementor-field-group-field_dc2f5bc elementor-col-66 elementor-field-required elementor-mark-required\">\n\t\t\t\t\t\t\t\t\t\t\t\t\t<input size=\"1\" type=\"text\" name=\"form_fields[field_dc2f5bc]\" id=\"form-field-field_dc2f5bc\" class=\"elementor-field elementor-size-sm  elementor-field-textual\" placeholder=\"Adresse\" required=\"required\">\n\t\t\t\t\t\t\t\t\t\t\t<\/div>\n\t\t\t\t\t\t\t\t<div class=\"elementor-field-type-text elementor-field-group elementor-column elementor-field-group-field_19bd1f6 elementor-col-33 elementor-field-required elementor-mark-required\">\n\t\t\t\t\t\t\t\t\t\t\t\t\t<input size=\"1\" type=\"text\" name=\"form_fields[field_19bd1f6]\" id=\"form-field-field_19bd1f6\" class=\"elementor-field elementor-size-sm  elementor-field-textual\" placeholder=\"Code Postal\" required=\"required\">\n\t\t\t\t\t\t\t\t\t\t\t<\/div>\n\t\t\t\t\t\t\t\t<div class=\"elementor-field-type-checkbox elementor-field-group elementor-column elementor-field-group-field_1de22d9 elementor-col-100\">\n\t\t\t\t\t\t\t\t\t\t\t\t<label for=\"form-field-field_1de22d9\" class=\"elementor-field-label\">\n\t\t\t\t\t\t\t\tS\u00e9lectionnez le service requis\t\t\t\t\t\t\t<\/label>\n\t\t\t\t\t\t<div class=\"elementor-field-subgroup  \"><span class=\"elementor-field-option\"><input type=\"checkbox\" value=\"Ramonage\" id=\"form-field-field_1de22d9-0\" name=\"form_fields[field_1de22d9][]\"> <label for=\"form-field-field_1de22d9-0\">Ramonage<\/label><\/span><span class=\"elementor-field-option\"><input type=\"checkbox\" value=\"Chauffage\" id=\"form-field-field_1de22d9-1\" name=\"form_fields[field_1de22d9][]\"> <label for=\"form-field-field_1de22d9-1\">Chauffage<\/label><\/span><span class=\"elementor-field-option\"><input type=\"checkbox\" value=\"Plomberie\" id=\"form-field-field_1de22d9-2\" name=\"form_fields[field_1de22d9][]\"> <label for=\"form-field-field_1de22d9-2\">Plomberie<\/label><\/span><span class=\"elementor-field-option\"><input type=\"checkbox\" value=\"Entretien chaudi\u00e8re gaz\" id=\"form-field-field_1de22d9-3\" name=\"form_fields[field_1de22d9][]\"> <label for=\"form-field-field_1de22d9-3\">Entretien chaudi\u00e8re gaz<\/label><\/span><span class=\"elementor-field-option\"><input type=\"checkbox\" value=\"Entretien chaudi\u00e8re mazout\" id=\"form-field-field_1de22d9-4\" name=\"form_fields[field_1de22d9][]\"> <label for=\"form-field-field_1de22d9-4\">Entretien chaudi\u00e8re mazout<\/label><\/span><span class=\"elementor-field-option\"><input type=\"checkbox\" value=\"Entretien chauffe-eau\/convecteur\" id=\"form-field-field_1de22d9-5\" name=\"form_fields[field_1de22d9][]\"> <label for=\"form-field-field_1de22d9-5\">Entretien chauffe-eau\/convecteur<\/label><\/span><\/div>\t\t\t\t<\/div>\n\t\t\t\t\t\t\t\t<div class=\"elementor-field-type-textarea elementor-field-group elementor-column elementor-field-group-message elementor-col-100\">\n\t\t\t\t\t<textarea class=\"elementor-field-textual elementor-field  elementor-size-sm\" name=\"form_fields[message]\" id=\"form-field-message\" rows=\"4\" placeholder=\"Message\"><\/textarea>\t\t\t\t<\/div>\n\t\t\t\t\t\t\t\t<div class=\"elementor-field-type-recaptcha_v3 elementor-field-group elementor-column elementor-field-group-field_2fdca8c elementor-col-100 recaptcha_v3-bottomright\">\n\t\t\t\t\t<div class=\"elementor-field\" id=\"form-field-field_2fdca8c\"><div class=\"elementor-g-recaptcha\" data-sitekey=\"6LcznkUqAAAAAD_vWW8m9GG2jo63wq-zIWXriNjY\" data-type=\"v3\" data-action=\"Form\" data-badge=\"bottomright\" data-size=\"invisible\"><\/div><\/div>\t\t\t\t<\/div>\n\t\t\t\t\t\t\t\t<div class=\"elementor-field-group elementor-column elementor-field-type-submit elementor-col-100 e-form__buttons\">\n\t\t\t\t\t<button class=\"elementor-button elementor-size-sm\" type=\"submit\">\n\t\t\t\t\t\t<span class=\"elementor-button-content-wrapper\">\n\t\t\t\t\t\t\t\t\t\t\t\t\t\t\t\t\t\t\t\t\t\t<span class=\"elementor-button-text\">Envoyer<\/span>\n\t\t\t\t\t\t\t\t\t\t\t\t\t<\/span>\n\t\t\t\t\t<\/button>\n\t\t\t\t<\/div>\n\t\t\t<\/div>\n\t\t<\/form>\n\t\t\t\t\t\t<\/div>\n\t\t\t\t<\/div>\n\t\t\t\t<\/div>\n\t\t\t\t<\/div>\n\t\t\t\t<\/div>\n\t\t\t\t\t<\/div>\n\t\t\t\t<\/div>\n\t\t<div class=\"elementor-element elementor-element-472e5c2 e-flex e-con-boxed e-con e-parent\" data-id=\"472e5c2\" data-element_type=\"container\" data-e-type=\"container\">\n\t\t\t\t\t<div class=\"e-con-inner\">\n\t\t\t\t<div class=\"elementor-element elementor-element-b00b87e elementor-widget elementor-widget-button\" data-id=\"b00b87e\" data-element_type=\"widget\" data-e-type=\"widget\" data-widget_type=\"button.default\">\n\t\t\t\t<div class=\"elementor-widget-container\">\n\t\t\t\t\t\t\t\t\t<div class=\"elementor-button-wrapper\">\n\t\t\t\t\t<a class=\"elementor-button elementor-button-link elementor-size-sm\" href=\"https:\/\/irial-chauffage.be\/nl\/\">\n\t\t\t\t\t\t<span class=\"elementor-button-content-wrapper\">\n\t\t\t\t\t\t\t\t\t<span class=\"elementor-button-text\">Retour \u00e0 la page d'accueil<\/span>\n\t\t\t\t\t<\/span>\n\t\t\t\t\t<\/a>\n\t\t\t\t<\/div>\n\t\t\t\t\t\t\t\t<\/div>\n\t\t\t\t<\/div>\n\t\t\t\t\t<\/div>\n\t\t\t\t<\/div>\n\t\t\t\t<\/div>\n\t\t","protected":false},"excerpt":{"rendered":"<p>Solutions Fiables pour Chauffage et Sanitaires Partenaire des meilleures marques de syst\u00e8mes de chauffage et sanitaires, IRIAL est sp\u00e9cialis\u00e9 dans l&rsquo;installation, la r\u00e9paration et l&rsquo;entretien de vos syst\u00e8mes de chauffage et sanitaires. Nous installons des chaudi\u00e8res \u00e0 gaz, au mazout, des pompes \u00e0 chaleur, et vous conseillons pour choisir le meilleur syst\u00e8me de chauffage adapt\u00e9 [&hellip;]<\/p>\n","protected":false},"author":1,"featured_media":0,"parent":0,"menu_order":0,"comment_status":"closed","ping_status":"closed","template":"","meta":{"footnotes":""},"class_list":["post-232","page","type-page","status-publish","hentry"],"_links":{"self":[{"href":"https:\/\/irial-chauffage.be\/nl\/wp-json\/wp\/v2\/pages\/232","targetHints":{"allow":["GET"]}}],"collection":[{"href":"https:\/\/irial-chauffage.be\/nl\/wp-json\/wp\/v2\/pages"}],"about":[{"href":"https:\/\/irial-chauffage.be\/nl\/wp-json\/wp\/v2\/types\/page"}],"author":[{"embeddable":true,"href":"https:\/\/irial-chauffage.be\/nl\/wp-json\/wp\/v2\/users\/1"}],"replies":[{"embeddable":true,"href":"https:\/\/irial-chauffage.be\/nl\/wp-json\/wp\/v2\/comments?post=232"}],"version-history":[{"count":139,"href":"https:\/\/irial-chauffage.be\/nl\/wp-json\/wp\/v2\/pages\/232\/revisions"}],"predecessor-version":[{"id":3400,"href":"https:\/\/irial-chauffage.be\/nl\/wp-json\/wp\/v2\/pages\/232\/revisions\/3400"}],"wp:attachment":[{"href":"https:\/\/irial-chauffage.be\/nl\/wp-json\/wp\/v2\/media?parent=232"}],"curies":[{"name":"wp","href":"https:\/\/api.w.org\/{rel}","templated":true}]}}